{"id":126,"date":"2015-04-14T09:45:48","date_gmt":"2015-04-14T08:45:48","guid":{"rendered":"https:\/\/assotoutunmonde.wordpress.com\/?page_id=126"},"modified":"2021-06-13T10:18:50","modified_gmt":"2021-06-13T08:18:50","slug":"historique","status":"publish","type":"page","link":"https:\/\/toutunmonde.org\/index.php\/historique\/","title":{"rendered":"L&#8217;historique"},"content":{"rendered":"<h3><em><strong>L&#8217;historique :<\/strong><\/em><\/h3>\n<p><a href=\"https:\/\/assotoutunmonde.files.wordpress.com\/2018\/10\/pict0081.jpg\"><img loading=\"lazy\" decoding=\"async\" class=\"size-medium wp-image-179 alignright\" src=\"https:\/\/assotoutunmonde.files.wordpress.com\/2018\/10\/pict0081.jpg?w=300\" alt=\"\" width=\"300\" height=\"225\" srcset=\"https:\/\/toutunmonde.org\/wp-content\/uploads\/2018\/10\/pict0081.jpg 2560w, https:\/\/toutunmonde.org\/wp-content\/uploads\/2018\/10\/pict0081-300x225.jpg 300w, https:\/\/toutunmonde.org\/wp-content\/uploads\/2018\/10\/pict0081-768x576.jpg 768w, https:\/\/toutunmonde.org\/wp-content\/uploads\/2018\/10\/pict0081-1024x768.jpg 1024w\" sizes=\"auto, (max-width: 300px) 100vw, 300px\" \/><\/a>Cr\u00e9\u00e9e \u00e0 l\u2019\u00e9t\u00e9 2013, l\u2019association <strong>Tout un monde<\/strong> a d\u00e9velopp\u00e9 des rencontres enfants-parents en s\u2019inspirant du mod\u00e8le des<strong> Lieux d\u2019Accueil Enfant Parent<\/strong> (LAEP) tel que d\u00e9finis par\u00a0 la CAF. Elles ont la particularit\u00e9 d\u2019\u00eatre \u00e0 la fois <strong>itin\u00e9rantes<\/strong> et, pour une partie d\u2019entre elles, <strong>\u00ab hors les murs \u00bb<\/strong> c\u2019est-\u00e0-dire \u00e0 l\u2019ext\u00e9rieur.<\/p>\n<p>En 2018, elle propose aux familles,\u00a0<strong> deux LAEP<\/strong> ainsi que des <strong>rencontres enfants-parents<\/strong> dans<strong> quatre lieux diff\u00e9rents<\/strong> et couvre <strong>3 arrondissements de Marseille: <\/strong>le 1er avec Destination Familles et le centre social Dugommier, le 4\u00e8me avec le Parc Palais Longchamp et le 6\u00e8me avec l&#8217;annexe de l&#8217;\u00e9cole des Bergers.<\/p>\n<p><strong><em>Notre d\u00e9marche<\/em><\/strong><\/p>\n<p>Nos exp\u00e9riences professionnelles et personnelles nous ont amen\u00e9es \u00e0 d\u00e9velopper ce projet. C&#8217;est en m\u00ealant nos approches de la petite enfance et de la culture que nous avons \u00e0 coeur de proposer diff\u00e9rents lieux conviviaux, ouvert \u00e0 tous, favorisant la rencontre entre les uns et les autres.<\/p>\n<p><strong><em>Nos comp\u00e9tences<\/em><\/strong><\/p>\n<div class=\"entry-content\">\n<p>Nos parcours nous ont amen\u00e9s \u00e0 d\u00e9velopper des comp\u00e9tences particuli\u00e8res. Elles ont l\u2019avantage d\u2019\u00eatre compl\u00e9mentaires, ce qui donne une r\u00e9elle pertinence au projet.<\/p>\n<p><strong><em><a href=\"https:\/\/assotoutunmonde.files.wordpress.com\/2018\/10\/pict0023.jpg\"><img loading=\"lazy\" decoding=\"async\" class=\"size-medium wp-image-177 alignleft\" src=\"https:\/\/assotoutunmonde.files.wordpress.com\/2018\/10\/pict0023.jpg?w=300\" alt=\"\" width=\"300\" height=\"225\" srcset=\"https:\/\/toutunmonde.org\/wp-content\/uploads\/2018\/10\/pict0023.jpg 2560w, https:\/\/toutunmonde.org\/wp-content\/uploads\/2018\/10\/pict0023-300x225.jpg 300w, https:\/\/toutunmonde.org\/wp-content\/uploads\/2018\/10\/pict0023-768x576.jpg 768w, https:\/\/toutunmonde.org\/wp-content\/uploads\/2018\/10\/pict0023-1024x768.jpg 1024w\" sizes=\"auto, (max-width: 300px) 100vw, 300px\" \/><\/a>Notre compl\u00e9mentarit\u00e9<\/em><\/strong><\/p>\n<p>De notre rencontre est n\u00e9 un projet qui voit nos comp\u00e9tences se conjuguer. D\u2019une certaine mani\u00e8re, nous souhaiterions que les familles d\u2019un des secteurs les plus paup\u00e9ris\u00e9s de la cit\u00e9 phoc\u00e9enne puissent b\u00e9n\u00e9ficier de ce que notre rencontre nous a apport\u00e9\u00a0: une compl\u00e9mentarit\u00e9 de savoir, de savoir-faire et de r\u00e9seaux.<\/p>\n<p>En effet, pour favoriser les rencontres et rompre avec les ph\u00e9nom\u00e8nes d\u2019isolement nous voulons r\u00e9introduire du collectif et de l\u2019humain face \u00e0 des approches trop souvent purement statistiques. Pour cela nous d\u00e9sirons nous appuyer \u00e0 la fois sur l\u2019ensemble de nos comp\u00e9tences et sur notre r\u00e9seau de fa\u00e7on \u00e0 adopter une approche pluridisciplinaire du soutien \u00e0 la fonction parentale.<\/p>\n<figure id=\"attachment_155\" aria-describedby=\"caption-attachment-155\" style=\"width: 300px\" class=\"wp-caption alignright\"><a href=\"https:\/\/assotoutunmonde.files.wordpress.com\/2018\/10\/100_3897.jpg\"><img loading=\"lazy\" decoding=\"async\" class=\"size-medium wp-image-155\" src=\"https:\/\/assotoutunmonde.files.wordpress.com\/2018\/10\/100_3897.jpg?w=300\" alt=\"\" width=\"300\" height=\"225\" srcset=\"https:\/\/toutunmonde.org\/wp-content\/uploads\/2018\/10\/100_3897.jpg 4608w, https:\/\/toutunmonde.org\/wp-content\/uploads\/2018\/10\/100_3897-300x225.jpg 300w, https:\/\/toutunmonde.org\/wp-content\/uploads\/2018\/10\/100_3897-768x576.jpg 768w, https:\/\/toutunmonde.org\/wp-content\/uploads\/2018\/10\/100_3897-1024x768.jpg 1024w\" sizes=\"auto, (max-width: 300px) 100vw, 300px\" \/><\/a><figcaption id=\"caption-attachment-155\" class=\"wp-caption-text\"><strong><em>\u00a0<\/em><\/strong><\/figcaption><\/figure>\n<p><strong><em>L\u2019\u00e9conomie solidaire<\/em><\/strong><\/p>\n<p>Nous souhaitons \u00e9galement inscrire ce projet dans la d\u00e9marche de l\u2019\u00e9conomie solidaire. Tant par notre fonctionnement interne que par les objectifs du projet, d\u00e9velopp\u00e9s en direction des familles. Ainsi, nous avons cr\u00e9\u00e9 une structure associative, dont la gestion est coll\u00e9giale et la gouvernance sous l\u2019\u00e9gide du co-portage.<\/p>\n<p>C\u2019est-\u00e0-dire que nous avons fait le choix d&#8217;une r\u00e9partition \u00e9quitable des t\u00e2ches mais aussi d\u00e9velopper des outils collaboratifs ou encore mutualiser, dans la mesure du possible, les espaces n\u00e9cessaires \u00e0 notre activit\u00e9 avec d\u2019autres associations.<\/p>\n<p>Et, pour nous \u00e9quiper, nous inscrire dans une d\u00e9marche de recyclage et de r\u00e9cup\u00e9ration de mat\u00e9riel. Ce qui est, \u00e0 nos yeux, une n\u00e9cessit\u00e9 tant financi\u00e8re qu\u2019environnementale.<\/p>\n<p>En ce qui concerne nos pratiques professionnelles, nous avons \u00e0 c\u0153ur de travailler dans le respect de l\u2019autre, le partage et l\u2019\u00e9quit\u00e9 de fa\u00e7on \u00e0 garantir \u00e0 chacun un accueil de qualit\u00e9. C\u2019est pourquoi il est fondamental, \u00e0 nos yeux, que les tarifs que nous soumettons aux familles ne puissent pas \u00eatre un frein \u00e0 leur participation aux activit\u00e9s de l\u2019association.<\/p>\n<\/div>\n","protected":false},"excerpt":{"rendered":"<p>L&#8217;historique : Cr\u00e9\u00e9e \u00e0 l\u2019\u00e9t\u00e9 2013, l\u2019association Tout un monde a d\u00e9velopp\u00e9 des rencontres enfants-parents en s\u2019inspirant du mod\u00e8le des Lieux d\u2019Accueil Enfant Parent (LAEP) tel que d\u00e9finis par\u00a0 la CAF. Elles ont la particularit\u00e9 d\u2019\u00eatre \u00e0 la fois itin\u00e9rantes et, pour une partie d\u2019entre elles, \u00ab hors les murs \u00bb c\u2019est-\u00e0-dire \u00e0 l\u2019ext\u00e9rieur. En &hellip; <\/p>\n<p class=\"link-more\"><a href=\"https:\/\/toutunmonde.org\/index.php\/historique\/\" class=\"more-link\">Continue reading<span class=\"screen-reader-text\"> &#8220;L&#8217;historique&#8221;<\/span><\/a><\/p>\n","protected":false},"author":2,"featured_media":0,"parent":0,"menu_order":0,"comment_status":"open","ping_status":"open","template":"","meta":{"footnotes":""},"class_list":["post-126","page","type-page","status-publish","hentry"],"_links":{"self":[{"href":"https:\/\/toutunmonde.org\/index.php\/wp-json\/wp\/v2\/pages\/126","targetHints":{"allow":["GET"]}}],"collection":[{"href":"https:\/\/toutunmonde.org\/index.php\/wp-json\/wp\/v2\/pages"}],"about":[{"href":"https:\/\/toutunmonde.org\/index.php\/wp-json\/wp\/v2\/types\/page"}],"author":[{"embeddable":true,"href":"https:\/\/toutunmonde.org\/index.php\/wp-json\/wp\/v2\/users\/2"}],"replies":[{"embeddable":true,"href":"https:\/\/toutunmonde.org\/index.php\/wp-json\/wp\/v2\/comments?post=126"}],"version-history":[{"count":2,"href":"https:\/\/toutunmonde.org\/index.php\/wp-json\/wp\/v2\/pages\/126\/revisions"}],"predecessor-version":[{"id":507,"href":"https:\/\/toutunmonde.org\/index.php\/wp-json\/wp\/v2\/pages\/126\/revisions\/507"}],"wp:attachment":[{"href":"https:\/\/toutunmonde.org\/index.php\/wp-json\/wp\/v2\/media?parent=126"}],"curies":[{"name":"wp","href":"https:\/\/api.w.org\/{rel}","templated":true}]}}