{"id":512,"date":"2021-06-13T11:09:58","date_gmt":"2021-06-13T09:09:58","guid":{"rendered":"http:\/\/toutunmonde.org\/?page_id=512"},"modified":"2025-07-17T17:37:59","modified_gmt":"2025-07-17T15:37:59","slug":"nos-actions","status":"publish","type":"page","link":"https:\/\/toutunmonde.org\/index.php\/nos-actions\/","title":{"rendered":"Nos Actions"},"content":{"rendered":"\n<h3 class=\"wp-block-heading\"><strong>LAEP et rencontres enfants-parents,<br><\/strong><strong>qu&#8217;est ce que c&#8217;est ?<\/strong><\/h3>\n\n\n\n<p>Tout un Monde met en place diff\u00e9rents lieux de <strong>rencontres enfants-parents<\/strong> et <strong>LAEP<\/strong>, destin\u00e9s \u00e0 recevoir les familles dans une atmosph\u00e8re conviviale. Ici, l\u2019enfant et son parent peuvent \u00eatre ensemble, en-dehors de leur lieu de vie, mais rencontrent aussi d\u2019autres enfants avec qui jouer, d\u2019autres parents avec qui \u00e9changer. Il s\u2019agit, au sein de ces espaces, de favoriser une premi\u00e8re socialisation, mais \u00e9galement de permettre \u00e0 l\u2019adulte d\u2019aborder les questions li\u00e9es \u00e0 la parentalit\u00e9, de se sentir <strong>accompagn\u00e9<\/strong> et <strong>soutenu<\/strong> dans sa nouvelle fonction parentale.<\/p>\n\n\n\n<div class=\"wp-block-media-text alignwide has-media-on-the-right is-stacked-on-mobile\"><div class=\"wp-block-media-text__content\">\n<p class=\"has-normal-font-size\"> Sur place, la <strong>disponibilit\u00e9<\/strong> est le ma\u00eetre-mot&nbsp;! Des accueillants \u00e0 l\u2019\u00e9coute adoptant une posture de non-jugement, des jeux et des livres adapt\u00e9s laiss\u00e9s \u00e0 disposition, des acc\u00e8s simplifi\u00e9s au maximum, aucune inscription requise&nbsp;: tout est mis en place pour que les familles puissent se saisir librement de ces instants, selon leurs propres aspirations. <\/p>\n<\/div><figure class=\"wp-block-media-text__media\"><img loading=\"lazy\" decoding=\"async\" width=\"850\" height=\"610\" src=\"https:\/\/toutunmonde.org\/wp-content\/uploads\/2019\/12\/44.jpg\" alt=\"\" class=\"wp-image-406 size-full\" srcset=\"https:\/\/toutunmonde.org\/wp-content\/uploads\/2019\/12\/44.jpg 850w, https:\/\/toutunmonde.org\/wp-content\/uploads\/2019\/12\/44-300x215.jpg 300w, https:\/\/toutunmonde.org\/wp-content\/uploads\/2019\/12\/44-768x551.jpg 768w\" sizes=\"auto, (max-width: 767px) 89vw, (max-width: 1000px) 54vw, (max-width: 1071px) 543px, 580px\" \/><\/figure><\/div>\n\n\n\n<p>&nbsp;<\/p>\n\n\n\n<p><strong>Les diff\u00e9rents lieux de rendez-vous :<\/strong><\/p>\n\n\n\n<div class=\"wp-block-media-text alignwide is-stacked-on-mobile is-vertically-aligned-top\" style=\"grid-template-columns:44% auto\"><figure class=\"wp-block-media-text__media\"><img loading=\"lazy\" decoding=\"async\" width=\"640\" height=\"480\" src=\"https:\/\/toutunmonde.org\/wp-content\/uploads\/2022\/02\/Bergers.jpg\" alt=\"\" class=\"wp-image-603 size-full\" srcset=\"https:\/\/toutunmonde.org\/wp-content\/uploads\/2022\/02\/Bergers.jpg 640w, https:\/\/toutunmonde.org\/wp-content\/uploads\/2022\/02\/Bergers-300x225.jpg 300w\" sizes=\"auto, (max-width: 640px) 100vw, 640px\" \/><\/figure><div class=\"wp-block-media-text__content\">\n<p class=\"has-normal-font-size\"><strong>LAEP Les Bergers <\/strong>&#8211; annexe \u00e9cole maternelle des Bergers 13006<br>5 rue des bergers<br>M\u00e9tro 2 \u2013 arr\u00eat Notre Dame Du Mont <br><br> <span class=\"_5mfr\"><span class=\"_6qdm\">\ud83d\udd51<\/span><\/span> Mercredi de 14h \u00e0 17h <br><span style=\"color: #00ff00;\"><strong><strong><strong><strong><span class=\"has-inline-color has-vivid-red-color\"><span style=\"color: #00ff00;\"><strong><strong><strong><span class=\"_5mfr\"><span class=\"_6qdm\"><span style=\"color: #00ff00;\"><strong><span class=\"has-inline-color has-luminous-vivid-amber-color\">FERM\u00c9 <\/span><\/strong><\/span><\/span><\/span><\/strong><\/strong><\/strong><\/span><\/span><\/strong><\/strong><\/strong><\/strong><\/span>pour les vacances scolaires<\/p>\n<\/div><\/div>\n\n\n\n<p><em>L\u2019\u00e9cole maternelle des Bergers met \u00e0 disposition de Tout Un Monde une grande salle lumineuse, o\u00f9 un parcours de motricit\u00e9 stimulant m\u00e8ne au royaume du Grand Crocodile en Peluche, mascotte incontournable du lieu.<\/em><\/p>\n\n\n\n<div style=\"height:25px\" aria-hidden=\"true\" class=\"wp-block-spacer\"><\/div>\n\n\n\n<hr class=\"wp-block-separator has-css-opacity\"\/>\n\n\n\n<div class=\"wp-block-media-text alignwide is-stacked-on-mobile is-vertically-aligned-top\" style=\"grid-template-columns:44% auto\"><figure class=\"wp-block-media-text__media\"><img loading=\"lazy\" decoding=\"async\" width=\"1024\" height=\"768\" src=\"https:\/\/toutunmonde.org\/wp-content\/uploads\/2022\/02\/Dugommier-2-1024x768.jpg\" alt=\"\" class=\"wp-image-605 size-full\" srcset=\"https:\/\/toutunmonde.org\/wp-content\/uploads\/2022\/02\/Dugommier-2-1024x768.jpg 1024w, https:\/\/toutunmonde.org\/wp-content\/uploads\/2022\/02\/Dugommier-2-300x225.jpg 300w, https:\/\/toutunmonde.org\/wp-content\/uploads\/2022\/02\/Dugommier-2-768x576.jpg 768w, https:\/\/toutunmonde.org\/wp-content\/uploads\/2022\/02\/Dugommier-2.jpg 1182w\" sizes=\"auto, (max-width: 767px) 89vw, (max-width: 1000px) 54vw, (max-width: 1071px) 543px, 580px\" \/><\/figure><div class=\"wp-block-media-text__content\">\n<p class=\"has-normal-font-size\"><strong>LAEP<\/strong> <strong>CMA Dugommier<\/strong>&#8211; 13001<br>12 boulevard Dugommier<br>(remplace l&#8217;accueil du CMA S\u00e9nac)<br><br><br>\ud83d\udd51\u00a0Vendredi, de 9h \u00e0 12h <br><span style=\"color: #00ff00;\"><strong><span style=\"color: #00ff00;\"><strong><strong><strong><strong><span class=\"has-inline-color has-vivid-green-cyan-color\"><strong><span class=\"has-inline-color has-luminous-vivid-amber-color\"> <span style=\"color: #00ff00;\"><strong><strong><strong><strong><span class=\"has-inline-color has-vivid-red-color\"><span style=\"color: #00ff00;\"><strong><strong><strong><span class=\"_5mfr\"><span class=\"_6qdm\"><span style=\"color: #00ff00;\"><strong><span class=\"has-inline-color has-luminous-vivid-amber-color\">FERM\u00c9 <\/span><\/strong><\/span><\/span><\/span><\/strong><\/strong><\/strong><\/span><\/span><\/strong><\/strong><\/strong><\/strong><\/span><\/span><\/strong><\/span><\/strong><\/strong><\/strong><\/strong><\/span><\/strong><\/span>pour les vacances scolaires<\/p>\n<\/div><\/div>\n\n\n\n<div style=\"height:25px\" aria-hidden=\"true\" class=\"wp-block-spacer\"><\/div>\n\n\n\n<hr class=\"wp-block-separator has-css-opacity\"\/>\n\n\n\n<div class=\"wp-block-media-text alignwide is-stacked-on-mobile is-vertically-aligned-top\" style=\"grid-template-columns:44% auto\"><figure class=\"wp-block-media-text__media\"><img loading=\"lazy\" decoding=\"async\" width=\"1024\" height=\"768\" src=\"https:\/\/toutunmonde.org\/wp-content\/uploads\/2022\/02\/Longchamp-1024x768.jpg\" alt=\"\" class=\"wp-image-602 size-full\" srcset=\"https:\/\/toutunmonde.org\/wp-content\/uploads\/2022\/02\/Longchamp-1024x768.jpg 1024w, https:\/\/toutunmonde.org\/wp-content\/uploads\/2022\/02\/Longchamp-300x225.jpg 300w, https:\/\/toutunmonde.org\/wp-content\/uploads\/2022\/02\/Longchamp-768x576.jpg 768w, https:\/\/toutunmonde.org\/wp-content\/uploads\/2022\/02\/Longchamp.jpg 1280w\" sizes=\"auto, (max-width: 767px) 89vw, (max-width: 1000px) 54vw, (max-width: 1071px) 543px, 580px\" \/><\/figure><div class=\"wp-block-media-text__content\">\n<p class=\"has-black-color has-text-color has-normal-font-size\"><strong>RENCONTRES DE LONGCHAMP<\/strong> &#8211; parc Longchamp, 13004<br>Kiosque \u00e0 musique<br>Entr\u00e9e M\u00e9tro 5 Avenues, \u00e0 c\u00f4t\u00e9 du th\u00e9\u00e2tre de la Girafe<br><br><span class=\"_5mfr\"><span class=\"_6qdm\">\ud83d\udd64<\/span><\/span> Mardi 10h \u00e0 12h<br><strong><span class=\"has-inline-color has-vivid-red-color\"> <span style=\"color: #00ff00;\"><strong><strong><strong><span class=\"_5mfr\"><span class=\"_6qdm\"><span style=\"color: #00ff00;\"><strong><span class=\"has-inline-color has-luminous-vivid-amber-color\">FERM\u00c9 <\/span><\/strong><\/span><\/span><\/span><\/strong><\/strong><\/strong><\/span><\/span><\/strong><\/p>\n<\/div><\/div>\n\n\n\n<p><em>Cet accueil a pour particularit\u00e9 d\u2019\u00eatre en plein air&nbsp;: de nombreuses rencontres sont possibles \u00e0 l\u2019ombre du kiosque \u00e0 musique. Profitez \u00e0 la fois de notre dispositif, du chant des oiseaux et de l\u2019atmosph\u00e8re vivifiante du parc&nbsp;!<\/em><\/p>\n\n\n\n<div style=\"height:25px\" aria-hidden=\"true\" class=\"wp-block-spacer\"><\/div>\n\n\n\n<hr class=\"wp-block-separator has-css-opacity\"\/>\n\n\n\n<p class=\"has-text-align-left\"><em><strong>Attention ! P<\/strong><\/em><em><strong>endant les vacances scolaires, certains LAEP et les rencontres enfants-parents sont ferm\u00e9s.<\/strong><\/em><\/p>\n\n\n\n<h3 class=\"wp-block-heading\"><strong>En bref :<\/strong><\/h3>\n\n\n\n<p>Un accueil gratuit, anonyme et sans inscription des enfants de 0 \u00e0 4 ans accompagn\u00e9s d&#8217;une personne de leur famille, ainsi que des futurs parents.<\/p>\n\n\n\n<p>Un espace convivial o\u00f9 vous pouvez, avec votre enfant, venir partager un moment de d\u00e9tente<br>autour d\u2019un jeu, d\u2019un livre, d\u2019une activit\u00e9 en<br>dehors de votre lieu de vie.<\/p>\n\n\n\n<p>Un lieu permettant \u00e0 votre (vos) enfant(s)<br>de rencontrer d\u2019autres enfants gr\u00e2ce au jeu.<\/p>\n\n\n\n<p>Un moment pour \u00e9changer avec d\u2019autres adultes autour des joies et des difficult\u00e9s de la parentalit\u00e9, mais aussi pour partager vos savoirs et vos exp\u00e9riences.<\/p>\n\n\n\n<p>Des accueillants disponibles, se tenant \u00e0 votre \u00e9coute, le temps que vous le souhaitez.<\/p>\n\n\n\n<figure class=\"wp-block-image size-large\"><img loading=\"lazy\" decoding=\"async\" width=\"1024\" height=\"768\" src=\"https:\/\/toutunmonde.org\/wp-content\/uploads\/2019\/12\/53bis-1024x768.jpeg\" alt=\"\" class=\"wp-image-408\" srcset=\"https:\/\/toutunmonde.org\/wp-content\/uploads\/2019\/12\/53bis-1024x768.jpeg 1024w, https:\/\/toutunmonde.org\/wp-content\/uploads\/2019\/12\/53bis-300x225.jpeg 300w, https:\/\/toutunmonde.org\/wp-content\/uploads\/2019\/12\/53bis-768x576.jpeg 768w, https:\/\/toutunmonde.org\/wp-content\/uploads\/2019\/12\/53bis.jpeg 1280w\" sizes=\"auto, (max-width: 767px) 89vw, (max-width: 1000px) 54vw, (max-width: 1071px) 543px, 580px\" \/><\/figure>\n\n\n\n<figure class=\"wp-block-gallery has-nested-images columns-default is-cropped wp-block-gallery-1 is-layout-flex wp-block-gallery-is-layout-flex\">\n<figure class=\"wp-block-image size-large\"><img loading=\"lazy\" decoding=\"async\" width=\"724\" height=\"1024\" data-id=\"678\" src=\"https:\/\/toutunmonde.org\/wp-content\/uploads\/2023\/01\/flyer-accueil-et-laep-2022-recto-1-724x1024.png\" alt=\"\" class=\"wp-image-678\" srcset=\"https:\/\/toutunmonde.org\/wp-content\/uploads\/2023\/01\/flyer-accueil-et-laep-2022-recto-1-724x1024.png 724w, https:\/\/toutunmonde.org\/wp-content\/uploads\/2023\/01\/flyer-accueil-et-laep-2022-recto-1-212x300.png 212w, https:\/\/toutunmonde.org\/wp-content\/uploads\/2023\/01\/flyer-accueil-et-laep-2022-recto-1-768x1086.png 768w, https:\/\/toutunmonde.org\/wp-content\/uploads\/2023\/01\/flyer-accueil-et-laep-2022-recto-1-1086x1536.png 1086w, https:\/\/toutunmonde.org\/wp-content\/uploads\/2023\/01\/flyer-accueil-et-laep-2022-recto-1.png 1414w\" sizes=\"auto, (max-width: 724px) 100vw, 724px\" \/><\/figure>\n\n\n\n<figure class=\"wp-block-image size-large\"><img loading=\"lazy\" decoding=\"async\" width=\"724\" height=\"1024\" data-id=\"679\" src=\"https:\/\/toutunmonde.org\/wp-content\/uploads\/2023\/01\/flyer-accueil-et-laep-2022-verso-724x1024.png\" alt=\"\" class=\"wp-image-679\" srcset=\"https:\/\/toutunmonde.org\/wp-content\/uploads\/2023\/01\/flyer-accueil-et-laep-2022-verso-724x1024.png 724w, https:\/\/toutunmonde.org\/wp-content\/uploads\/2023\/01\/flyer-accueil-et-laep-2022-verso-212x300.png 212w, https:\/\/toutunmonde.org\/wp-content\/uploads\/2023\/01\/flyer-accueil-et-laep-2022-verso-768x1086.png 768w, https:\/\/toutunmonde.org\/wp-content\/uploads\/2023\/01\/flyer-accueil-et-laep-2022-verso-1086x1536.png 1086w, https:\/\/toutunmonde.org\/wp-content\/uploads\/2023\/01\/flyer-accueil-et-laep-2022-verso.png 1414w\" sizes=\"auto, (max-width: 724px) 100vw, 724px\" \/><\/figure>\n<\/figure>\n\n\n\n<figure class=\"wp-block-gallery has-nested-images columns-default is-cropped wp-block-gallery-2 is-layout-flex wp-block-gallery-is-layout-flex\">\n<figure class=\"wp-block-image size-large\"><img loading=\"lazy\" decoding=\"async\" width=\"724\" height=\"1024\" data-id=\"682\" src=\"https:\/\/toutunmonde.org\/wp-content\/uploads\/2023\/01\/flyer-marmite-2022-recto-1-724x1024.png\" alt=\"\" class=\"wp-image-682\" srcset=\"https:\/\/toutunmonde.org\/wp-content\/uploads\/2023\/01\/flyer-marmite-2022-recto-1-724x1024.png 724w, https:\/\/toutunmonde.org\/wp-content\/uploads\/2023\/01\/flyer-marmite-2022-recto-1-212x300.png 212w, https:\/\/toutunmonde.org\/wp-content\/uploads\/2023\/01\/flyer-marmite-2022-recto-1-768x1086.png 768w, https:\/\/toutunmonde.org\/wp-content\/uploads\/2023\/01\/flyer-marmite-2022-recto-1-1086x1536.png 1086w, https:\/\/toutunmonde.org\/wp-content\/uploads\/2023\/01\/flyer-marmite-2022-recto-1.png 1414w\" sizes=\"auto, (max-width: 724px) 100vw, 724px\" \/><\/figure>\n\n\n\n<figure class=\"wp-block-image size-large\"><img loading=\"lazy\" decoding=\"async\" width=\"724\" height=\"1024\" data-id=\"681\" src=\"https:\/\/toutunmonde.org\/wp-content\/uploads\/2023\/01\/flyer-marmite-2022-verso-724x1024.png\" alt=\"\" class=\"wp-image-681\" srcset=\"https:\/\/toutunmonde.org\/wp-content\/uploads\/2023\/01\/flyer-marmite-2022-verso-724x1024.png 724w, https:\/\/toutunmonde.org\/wp-content\/uploads\/2023\/01\/flyer-marmite-2022-verso-212x300.png 212w, https:\/\/toutunmonde.org\/wp-content\/uploads\/2023\/01\/flyer-marmite-2022-verso-768x1086.png 768w, https:\/\/toutunmonde.org\/wp-content\/uploads\/2023\/01\/flyer-marmite-2022-verso-1086x1536.png 1086w, https:\/\/toutunmonde.org\/wp-content\/uploads\/2023\/01\/flyer-marmite-2022-verso.png 1414w\" sizes=\"auto, (max-width: 724px) 100vw, 724px\" \/><\/figure>\n<\/figure>\n","protected":false},"excerpt":{"rendered":"<p>LAEP et rencontres enfants-parents,qu&#8217;est ce que c&#8217;est ? Tout un Monde met en place diff\u00e9rents lieux de rencontres enfants-parents et LAEP, destin\u00e9s \u00e0 recevoir les familles dans une atmosph\u00e8re conviviale. Ici, l\u2019enfant et son parent peuvent \u00eatre ensemble, en-dehors de leur lieu de vie, mais rencontrent aussi d\u2019autres enfants avec qui jouer, d\u2019autres parents avec &hellip; <\/p>\n<p class=\"link-more\"><a href=\"https:\/\/toutunmonde.org\/index.php\/nos-actions\/\" class=\"more-link\">Continue reading<span class=\"screen-reader-text\"> &#8220;Nos Actions&#8221;<\/span><\/a><\/p>\n","protected":false},"author":1,"featured_media":0,"parent":0,"menu_order":0,"comment_status":"closed","ping_status":"closed","template":"","meta":{"footnotes":""},"class_list":["post-512","page","type-page","status-publish","hentry"],"_links":{"self":[{"href":"https:\/\/toutunmonde.org\/index.php\/wp-json\/wp\/v2\/pages\/512","targetHints":{"allow":["GET"]}}],"collection":[{"href":"https:\/\/toutunmonde.org\/index.php\/wp-json\/wp\/v2\/pages"}],"about":[{"href":"https:\/\/toutunmonde.org\/index.php\/wp-json\/wp\/v2\/types\/page"}],"author":[{"embeddable":true,"href":"https:\/\/toutunmonde.org\/index.php\/wp-json\/wp\/v2\/users\/1"}],"replies":[{"embeddable":true,"href":"https:\/\/toutunmonde.org\/index.php\/wp-json\/wp\/v2\/comments?post=512"}],"version-history":[{"count":33,"href":"https:\/\/toutunmonde.org\/index.php\/wp-json\/wp\/v2\/pages\/512\/revisions"}],"predecessor-version":[{"id":772,"href":"https:\/\/toutunmonde.org\/index.php\/wp-json\/wp\/v2\/pages\/512\/revisions\/772"}],"wp:attachment":[{"href":"https:\/\/toutunmonde.org\/index.php\/wp-json\/wp\/v2\/media?parent=512"}],"curies":[{"name":"wp","href":"https:\/\/api.w.org\/{rel}","templated":true}]}}