{"id":517,"date":"2021-06-13T11:17:44","date_gmt":"2021-06-13T09:17:44","guid":{"rendered":"http:\/\/toutunmonde.org\/?page_id=517"},"modified":"2023-01-03T10:03:23","modified_gmt":"2023-01-03T09:03:23","slug":"la-marmite-a-histoires","status":"publish","type":"page","link":"https:\/\/toutunmonde.org\/index.php\/la-marmite-a-histoires\/","title":{"rendered":"La Marmite \u00e0 Histoires"},"content":{"rendered":"\n<p><span style=\"color: #000000;\">En <\/span><span style=\"color: #000000;\">partenariat<\/span><span style=\"color: #000000;\"> avec <\/span><span style=\"color: #000000;\">L\u2019AFEV, la Marmite \u00e0 Histoires articule un <\/span><span style=\"color: #000000;\">atelier socio-linguistique<\/span><span style=\"color: #000000;\"> propos\u00e9 \u00e0 des m\u00e8res de famille en situation de migration avec un atelier d\u2019\u00e9veil destin\u00e9 \u00e0 leurs enfants de 0 \u00e0 4 ans.<\/span><\/p>\n\n\n\n<p><span style=\"color: #000000;\">En mettant en place deux espaces, <\/span><span style=\"color: #000000;\">attenants<\/span><span style=\"color: #000000;\"> mais distincts, <\/span><span style=\"color: #000000;\">l\u2019un consacr\u00e9 au cours de fran\u00e7ais et l\u2019autre aux enfants, <\/span><span style=\"color: #000000;\">cet atelier permet de pr\u00e9parer l\u2019entr\u00e9e \u00e0 l\u2019\u00e9cole <\/span><span style=\"color: #000000;\">dans un contexte s\u00e9curisant, en proposant un lieu de premi\u00e8re socialisation, en abordant la question de l\u2019apprentissage du langage, mais \u00e9galement en travaillant, tout en douceur,<\/span><span style=\"color: #000000;\"> la s\u00e9paration de la m\u00e8re et de l\u2019enfant.<\/span><\/p>\n\n\n\n<p><em><span style=\"color: #000000;\">Destin\u00e9 aux r\u00e9sidents des 1<sup>er<\/sup> et&nbsp;<\/span>3<sup>\u00e8me&nbsp;<\/sup><span style=\"color: #000000;\">arrondissement<\/span><\/em><\/p>\n\n\n\n<div class=\"wp-block-columns is-layout-flex wp-container-core-columns-is-layout-9d6595d7 wp-block-columns-is-layout-flex\">\n<div class=\"wp-block-column is-layout-flow wp-block-column-is-layout-flow\">\n<figure class=\"wp-block-image\"><img loading=\"lazy\" decoding=\"async\" width=\"300\" height=\"225\" src=\"https:\/\/toutunmonde.org\/wp-content\/uploads\/2021\/06\/Marmite-\u00e0-Histoires-1-300x225.jpg\" alt=\"\" class=\"wp-image-518\" srcset=\"https:\/\/toutunmonde.org\/wp-content\/uploads\/2021\/06\/Marmite-\u00e0-Histoires-1-300x225.jpg 300w, https:\/\/toutunmonde.org\/wp-content\/uploads\/2021\/06\/Marmite-\u00e0-Histoires-1-768x576.jpg 768w, https:\/\/toutunmonde.org\/wp-content\/uploads\/2021\/06\/Marmite-\u00e0-Histoires-1-1024x768.jpg 1024w, https:\/\/toutunmonde.org\/wp-content\/uploads\/2021\/06\/Marmite-\u00e0-Histoires-1.jpg 1280w\" sizes=\"auto, (max-width: 300px) 100vw, 300px\" \/><\/figure>\n<\/div>\n\n\n\n<div class=\"wp-block-column is-layout-flow wp-block-column-is-layout-flow\">\n<figure class=\"wp-block-image\"><img loading=\"lazy\" decoding=\"async\" width=\"300\" height=\"225\" src=\"https:\/\/toutunmonde.org\/wp-content\/uploads\/2021\/06\/Marmite-\u00e0-Histoires-5-300x225.jpg\" alt=\"\" class=\"wp-image-519\" srcset=\"https:\/\/toutunmonde.org\/wp-content\/uploads\/2021\/06\/Marmite-\u00e0-Histoires-5-300x225.jpg 300w, https:\/\/toutunmonde.org\/wp-content\/uploads\/2021\/06\/Marmite-\u00e0-Histoires-5-768x576.jpg 768w, https:\/\/toutunmonde.org\/wp-content\/uploads\/2021\/06\/Marmite-\u00e0-Histoires-5-1024x768.jpg 1024w, https:\/\/toutunmonde.org\/wp-content\/uploads\/2021\/06\/Marmite-\u00e0-Histoires-5.jpg 1280w\" sizes=\"auto, (max-width: 300px) 100vw, 300px\" \/><\/figure>\n<\/div>\n<\/div>\n\n\n\n<figure class=\"wp-block-gallery columns-2 is-cropped wp-block-gallery-1 is-layout-flex wp-block-gallery-is-layout-flex\"><ul class=\"blocks-gallery-grid\"><li class=\"blocks-gallery-item\"><figure><img loading=\"lazy\" decoding=\"async\" width=\"724\" height=\"1024\" src=\"https:\/\/toutunmonde.org\/wp-content\/uploads\/2023\/01\/flyer-marmite-2022-recto-2-724x1024.png\" alt=\"\" data-id=\"684\" data-link=\"https:\/\/toutunmonde.org\/index.php\/la-marmite-a-histoires\/flyer-marmite-2022-recto-2\/\" class=\"wp-image-684\" srcset=\"https:\/\/toutunmonde.org\/wp-content\/uploads\/2023\/01\/flyer-marmite-2022-recto-2-724x1024.png 724w, https:\/\/toutunmonde.org\/wp-content\/uploads\/2023\/01\/flyer-marmite-2022-recto-2-212x300.png 212w, https:\/\/toutunmonde.org\/wp-content\/uploads\/2023\/01\/flyer-marmite-2022-recto-2-768x1086.png 768w, https:\/\/toutunmonde.org\/wp-content\/uploads\/2023\/01\/flyer-marmite-2022-recto-2-1086x1536.png 1086w, https:\/\/toutunmonde.org\/wp-content\/uploads\/2023\/01\/flyer-marmite-2022-recto-2.png 1414w\" sizes=\"auto, (max-width: 724px) 100vw, 724px\" \/><\/figure><\/li><li class=\"blocks-gallery-item\"><figure><img loading=\"lazy\" decoding=\"async\" width=\"724\" height=\"1024\" src=\"https:\/\/toutunmonde.org\/wp-content\/uploads\/2023\/01\/flyer-marmite-2022-verso-1-724x1024.png\" alt=\"\" data-id=\"685\" data-full-url=\"https:\/\/toutunmonde.org\/wp-content\/uploads\/2023\/01\/flyer-marmite-2022-verso-1.png\" data-link=\"https:\/\/toutunmonde.org\/index.php\/la-marmite-a-histoires\/flyer-marmite-2022-verso-1\/\" class=\"wp-image-685\" srcset=\"https:\/\/toutunmonde.org\/wp-content\/uploads\/2023\/01\/flyer-marmite-2022-verso-1-724x1024.png 724w, https:\/\/toutunmonde.org\/wp-content\/uploads\/2023\/01\/flyer-marmite-2022-verso-1-212x300.png 212w, https:\/\/toutunmonde.org\/wp-content\/uploads\/2023\/01\/flyer-marmite-2022-verso-1-768x1086.png 768w, https:\/\/toutunmonde.org\/wp-content\/uploads\/2023\/01\/flyer-marmite-2022-verso-1-1086x1536.png 1086w, https:\/\/toutunmonde.org\/wp-content\/uploads\/2023\/01\/flyer-marmite-2022-verso-1.png 1414w\" sizes=\"auto, (max-width: 724px) 100vw, 724px\" \/><\/figure><\/li><\/ul><\/figure>\n","protected":false},"excerpt":{"rendered":"<p>En partenariat avec L\u2019AFEV, la Marmite \u00e0 Histoires articule un atelier socio-linguistique propos\u00e9 \u00e0 des m\u00e8res de famille en situation de migration avec un atelier d\u2019\u00e9veil destin\u00e9 \u00e0 leurs enfants de 0 \u00e0 4 ans. En mettant en place deux espaces, attenants mais distincts, l\u2019un consacr\u00e9 au cours de fran\u00e7ais et l\u2019autre aux enfants, cet &hellip; <\/p>\n<p class=\"link-more\"><a href=\"https:\/\/toutunmonde.org\/index.php\/la-marmite-a-histoires\/\" class=\"more-link\">Continue reading<span class=\"screen-reader-text\"> &#8220;La Marmite \u00e0 Histoires&#8221;<\/span><\/a><\/p>\n","protected":false},"author":1,"featured_media":0,"parent":0,"menu_order":0,"comment_status":"closed","ping_status":"closed","template":"","meta":{"footnotes":""},"class_list":["post-517","page","type-page","status-publish","hentry"],"_links":{"self":[{"href":"https:\/\/toutunmonde.org\/index.php\/wp-json\/wp\/v2\/pages\/517","targetHints":{"allow":["GET"]}}],"collection":[{"href":"https:\/\/toutunmonde.org\/index.php\/wp-json\/wp\/v2\/pages"}],"about":[{"href":"https:\/\/toutunmonde.org\/index.php\/wp-json\/wp\/v2\/types\/page"}],"author":[{"embeddable":true,"href":"https:\/\/toutunmonde.org\/index.php\/wp-json\/wp\/v2\/users\/1"}],"replies":[{"embeddable":true,"href":"https:\/\/toutunmonde.org\/index.php\/wp-json\/wp\/v2\/comments?post=517"}],"version-history":[{"count":7,"href":"https:\/\/toutunmonde.org\/index.php\/wp-json\/wp\/v2\/pages\/517\/revisions"}],"predecessor-version":[{"id":687,"href":"https:\/\/toutunmonde.org\/index.php\/wp-json\/wp\/v2\/pages\/517\/revisions\/687"}],"wp:attachment":[{"href":"https:\/\/toutunmonde.org\/index.php\/wp-json\/wp\/v2\/media?parent=517"}],"curies":[{"name":"wp","href":"https:\/\/api.w.org\/{rel}","templated":true}]}}