{"id":693,"date":"2023-01-03T10:48:59","date_gmt":"2023-01-03T09:48:59","guid":{"rendered":"https:\/\/toutunmonde.org\/?page_id=693"},"modified":"2023-01-03T10:48:59","modified_gmt":"2023-01-03T09:48:59","slug":"accompagnement-parentalite-et-petite-enfance","status":"publish","type":"page","link":"https:\/\/toutunmonde.org\/index.php\/accompagnement-parentalite-et-petite-enfance\/","title":{"rendered":"Accompagnement Parentalit\u00e9 et petite enfance"},"content":{"rendered":"\n<h3 class=\"wp-block-heading\"><strong>L&#8217;accompagnement individuel, \u00e7a consiste en quoi ?<\/strong><\/h3>\n\n\n\n<p>L&#8217;\u00e9quipe de Tout Un Monde peut proposer un accompagnement personnalis\u00e9 \u00e0 destination des familles, ax\u00e9 notamment sur l&#8217;<strong>acc\u00e8s aux droits<\/strong> relatifs \u00e0 la <strong>sant\u00e9 <\/strong>et aux <strong>soins <\/strong>de l&#8217;enfant. Cet accompagnement peut \u00e9galement int\u00e9grer un espace de <strong>soutien psychologique et \u00e9ducatif<\/strong>, permettant aux parents de se sentir soutenus lors de l&#8217;exercice de leur r\u00f4le.<\/p>\n\n\n\n<p>Il s&#8217;organise en trois axes : <\/p>\n\n\n\n<ul class=\"wp-block-list\"><li><strong>Accompagnement parental<\/strong> et soutien psycho-social des familles, durant les moments cl\u00e9 du d\u00e9veloppement de l&#8217;enfant, sur l&#8217;exercice de la fonction parentale et sur le bien-\u00eatre de l&#8217;enfant.<br><\/li><li><strong>Accompagnement des familles<\/strong> dans leurs d\u00e9marches li\u00e9es aux parcours de soins de l&#8217;enfant. Faciliter et coordonner l&#8217;acc\u00e8s aux droits de sant\u00e9 et aux soins de jeunes enfants.<br><\/li><li><strong>Accompagnement social<\/strong> visant \u00e0 soulager les familles sur des probl\u00e9matiques qui impactent le d\u00e9veloppement de l&#8217;enfant.<\/li><\/ul>\n\n\n\n<p>Bas\u00e9s sur la libre adh\u00e9sion et limit\u00e9s dans le temps, les accompagnements sont \u00e0 destination des futurs parents et des parents de jeunes enfants. Ils se d\u00e9roulent \u00e0 domicile, dans un lieu tiers, ou chez des professionnels sociaux ou de sant\u00e9.<br>Ils peuvent \u00eatre men\u00e9s par un.e \u00e9ducateur.trice de jeunes enfants et\/ou un.e psychologue.<br>La prise en charge par le ou la psychologue est de 10 s\u00e9ances de soutien psychologique, renouvelable 1 fois si besoin. La prise en charge sociale et \u00e9ducative se fait sur une p\u00e9riode de 3 mois renouvelable 1 fois.<\/p>\n\n\n\n<figure class=\"wp-block-gallery columns-2 is-cropped wp-block-gallery-1 is-layout-flex wp-block-gallery-is-layout-flex\"><ul class=\"blocks-gallery-grid\"><li class=\"blocks-gallery-item\"><figure><img loading=\"lazy\" decoding=\"async\" width=\"724\" height=\"1024\" src=\"https:\/\/toutunmonde.org\/wp-content\/uploads\/2023\/01\/flyer-acc-ind-2022-recto-724x1024.png\" alt=\"\" data-id=\"694\" data-link=\"https:\/\/toutunmonde.org\/?attachment_id=694\" class=\"wp-image-694\" srcset=\"https:\/\/toutunmonde.org\/wp-content\/uploads\/2023\/01\/flyer-acc-ind-2022-recto-724x1024.png 724w, https:\/\/toutunmonde.org\/wp-content\/uploads\/2023\/01\/flyer-acc-ind-2022-recto-212x300.png 212w, https:\/\/toutunmonde.org\/wp-content\/uploads\/2023\/01\/flyer-acc-ind-2022-recto-768x1086.png 768w, https:\/\/toutunmonde.org\/wp-content\/uploads\/2023\/01\/flyer-acc-ind-2022-recto-1086x1536.png 1086w, https:\/\/toutunmonde.org\/wp-content\/uploads\/2023\/01\/flyer-acc-ind-2022-recto.png 1414w\" sizes=\"auto, (max-width: 724px) 100vw, 724px\" \/><\/figure><\/li><li class=\"blocks-gallery-item\"><figure><img loading=\"lazy\" decoding=\"async\" width=\"724\" height=\"1024\" src=\"https:\/\/toutunmonde.org\/wp-content\/uploads\/2023\/01\/Flyer-acc-ind-2022-verso-724x1024.png\" alt=\"\" data-id=\"695\" data-full-url=\"https:\/\/toutunmonde.org\/wp-content\/uploads\/2023\/01\/Flyer-acc-ind-2022-verso.png\" data-link=\"https:\/\/toutunmonde.org\/?attachment_id=695\" class=\"wp-image-695\" srcset=\"https:\/\/toutunmonde.org\/wp-content\/uploads\/2023\/01\/Flyer-acc-ind-2022-verso-724x1024.png 724w, https:\/\/toutunmonde.org\/wp-content\/uploads\/2023\/01\/Flyer-acc-ind-2022-verso-212x300.png 212w, https:\/\/toutunmonde.org\/wp-content\/uploads\/2023\/01\/Flyer-acc-ind-2022-verso-768x1086.png 768w, https:\/\/toutunmonde.org\/wp-content\/uploads\/2023\/01\/Flyer-acc-ind-2022-verso-1086x1536.png 1086w, https:\/\/toutunmonde.org\/wp-content\/uploads\/2023\/01\/Flyer-acc-ind-2022-verso.png 1414w\" sizes=\"auto, (max-width: 724px) 100vw, 724px\" \/><\/figure><\/li><\/ul><\/figure>\n","protected":false},"excerpt":{"rendered":"<p>L&#8217;accompagnement individuel, \u00e7a consiste en quoi ? L&#8217;\u00e9quipe de Tout Un Monde peut proposer un accompagnement personnalis\u00e9 \u00e0 destination des familles, ax\u00e9 notamment sur l&#8217;acc\u00e8s aux droits relatifs \u00e0 la sant\u00e9 et aux soins de l&#8217;enfant. Cet accompagnement peut \u00e9galement int\u00e9grer un espace de soutien psychologique et \u00e9ducatif, permettant aux parents de se sentir soutenus &hellip; <\/p>\n<p class=\"link-more\"><a href=\"https:\/\/toutunmonde.org\/index.php\/accompagnement-parentalite-et-petite-enfance\/\" class=\"more-link\">Continue reading<span class=\"screen-reader-text\"> &#8220;Accompagnement Parentalit\u00e9 et petite enfance&#8221;<\/span><\/a><\/p>\n","protected":false},"author":1,"featured_media":0,"parent":0,"menu_order":0,"comment_status":"closed","ping_status":"closed","template":"","meta":{"footnotes":""},"class_list":["post-693","page","type-page","status-publish","hentry"],"_links":{"self":[{"href":"https:\/\/toutunmonde.org\/index.php\/wp-json\/wp\/v2\/pages\/693","targetHints":{"allow":["GET"]}}],"collection":[{"href":"https:\/\/toutunmonde.org\/index.php\/wp-json\/wp\/v2\/pages"}],"about":[{"href":"https:\/\/toutunmonde.org\/index.php\/wp-json\/wp\/v2\/types\/page"}],"author":[{"embeddable":true,"href":"https:\/\/toutunmonde.org\/index.php\/wp-json\/wp\/v2\/users\/1"}],"replies":[{"embeddable":true,"href":"https:\/\/toutunmonde.org\/index.php\/wp-json\/wp\/v2\/comments?post=693"}],"version-history":[{"count":1,"href":"https:\/\/toutunmonde.org\/index.php\/wp-json\/wp\/v2\/pages\/693\/revisions"}],"predecessor-version":[{"id":696,"href":"https:\/\/toutunmonde.org\/index.php\/wp-json\/wp\/v2\/pages\/693\/revisions\/696"}],"wp:attachment":[{"href":"https:\/\/toutunmonde.org\/index.php\/wp-json\/wp\/v2\/media?parent=693"}],"curies":[{"name":"wp","href":"https:\/\/api.w.org\/{rel}","templated":true}]}}